{"id":1418,"date":"2024-05-07T07:56:38","date_gmt":"2024-05-07T07:56:38","guid":{"rendered":"https:\/\/albarrio.org\/descarregues\/"},"modified":"2024-05-07T14:37:11","modified_gmt":"2024-05-07T14:37:11","slug":"descarregues","status":"publish","type":"page","link":"https:\/\/albarrio.com\/ca\/descarregues\/","title":{"rendered":"Desc\u00e0rregues"},"content":{"rendered":"\n<h3 class=\"wp-block-heading has-text-align-center\"><strong>Tots els material de la campanya de comunicaci\u00f3 amb un clic.<\/strong><\/h3>\n\n\n<style>.kb-row-layout-id1418_1eba43-bd > .kt-row-column-wrap{align-content:start;}:where(.kb-row-layout-id1418_1eba43-bd > .kt-row-column-wrap) > .wp-block-kadence-column{justify-content:start;}.kb-row-layout-id1418_1eba43-bd > .kt-row-column-wrap{column-gap:var(--global-kb-gap-md, 2rem);row-gap:var(--global-kb-gap-md, 2rem);padding-top:var(--global-kb-spacing-md, 2rem);padding-bottom:var(--global-kb-spacing-sm, 1.5rem);grid-template-columns:repeat(2, minmax(0, 1fr));}.kb-row-layout-id1418_1eba43-bd > .kt-row-layout-overlay{opacity:0.30;}@media all and (max-width: 1024px){.kb-row-layout-id1418_1eba43-bd > .kt-row-column-wrap{grid-template-columns:repeat(2, minmax(0, 1fr));}}@media all and (max-width: 767px){.kb-row-layout-id1418_1eba43-bd > .kt-row-column-wrap{grid-template-columns:minmax(0, 1fr);}}<\/style><div class=\"kb-row-layout-wrap kb-row-layout-id1418_1eba43-bd alignnone has-theme-palette7-background-color kt-row-has-bg wp-block-kadence-rowlayout\"><div class=\"kt-row-column-wrap kt-has-2-columns kt-row-layout-equal kt-tab-layout-inherit kt-mobile-layout-row kt-row-valign-top\">\n<style>.kadence-column1418_110465-b2 > .kt-inside-inner-col,.kadence-column1418_110465-b2 > .kt-inside-inner-col:before{border-top-left-radius:0px;border-top-right-radius:0px;border-bottom-right-radius:0px;border-bottom-left-radius:0px;}.kadence-column1418_110465-b2 > .kt-inside-inner-col{column-gap:var(--global-kb-gap-sm, 1rem);}.kadence-column1418_110465-b2 > .kt-inside-inner-col{flex-direction:column;}.kadence-column1418_110465-b2 > .kt-inside-inner-col > .aligncenter{width:100%;}.kadence-column1418_110465-b2 > .kt-inside-inner-col:before{opacity:0.3;}.kadence-column1418_110465-b2{position:relative;}@media all and (max-width: 1024px){.kadence-column1418_110465-b2 > .kt-inside-inner-col{flex-direction:column;justify-content:center;}}@media all and (max-width: 767px){.kadence-column1418_110465-b2 > .kt-inside-inner-col{flex-direction:column;justify-content:center;}}<\/style>\n<div class=\"wp-block-kadence-column kadence-column1418_110465-b2\"><div class=\"kt-inside-inner-col\"><style>.wp-block-kadence-advancedgallery .kb-gallery-type-masonry.kb-gallery-id-1418_1570c7-af{margin:-5px;}.kb-gallery-type-masonry.kb-gallery-id-1418_1570c7-af .kadence-blocks-gallery-item{padding:5px;}.kb-gallery-id-1418_1570c7-af .kadence-blocks-gallery-item .kb-gal-image-radius, .kb-gallery-id-1418_1570c7-af .kb-slide-item .kb-gal-image-radius img{border-radius:0px 0px 0px 0px;;}<\/style><div class=\"kb-gallery-wrap-id-1418_1570c7-af alignnone wp-block-kadence-advancedgallery\"><ul class=\"kb-gallery-ul kb-gallery-non-static kb-gallery-type-masonry kb-masonry-init kb-gallery-id-1418_1570c7-af kb-gallery-caption-style-bottom-hover kb-gallery-filter-none\" data-image-filter=\"none\" data-item-selector=\".kadence-blocks-gallery-item\" data-lightbox-caption=\"true\" data-columns-xxl=\"1\" data-columns-xl=\"1\" data-columns-md=\"1\" data-columns-sm=\"1\" data-columns-xs=\"1\" data-columns-ss=\"1\"><li class=\"kadence-blocks-gallery-item\" tabindex=\"0\"><div class=\"kadence-blocks-gallery-item-inner\"><figure class=\"kb-gallery-figure kadence-blocks-gallery-item-hide-caption\"><div class=\"kb-gal-image-radius\" style=\"max-width:501px;\"><div class=\"kb-gallery-image-contain kadence-blocks-gallery-intrinsic\" style=\"padding-bottom:142%;\"><img loading=\"lazy\" decoding=\"async\" src=\"http:\/\/albarrio.com\/wp-content\/uploads\/2024\/05\/Cartel-Albarrio-CAS.jpg\" width=\"501\" height=\"715\" alt=\"\" data-full-image=\"http:\/\/albarrio.com\/wp-content\/uploads\/2024\/05\/Cartel-Albarrio-CAS.jpg\" data-light-image=\"http:\/\/albarrio.com\/wp-content\/uploads\/2024\/05\/Cartel-Albarrio-CAS.jpg\" data-id=\"1380\" class=\"wp-image-1380\" srcset=\"https:\/\/albarrio.com\/wp-content\/uploads\/2024\/05\/Cartel-Albarrio-CAS.jpg 501w, https:\/\/albarrio.com\/wp-content\/uploads\/2024\/05\/Cartel-Albarrio-CAS-210x300.jpg 210w\" sizes=\"auto, (max-width: 501px) 100vw, 501px\" \/><\/div><\/div><\/figure><\/div><\/li><\/ul><\/div><\/div><\/div>\n\n\n<style>.kadence-column1418_1fa393-a9 > .kt-inside-inner-col,.kadence-column1418_1fa393-a9 > .kt-inside-inner-col:before{border-top-left-radius:0px;border-top-right-radius:0px;border-bottom-right-radius:0px;border-bottom-left-radius:0px;}.kadence-column1418_1fa393-a9 > .kt-inside-inner-col{column-gap:var(--global-kb-gap-sm, 1rem);}.kadence-column1418_1fa393-a9 > .kt-inside-inner-col{flex-direction:column;}.kadence-column1418_1fa393-a9 > .kt-inside-inner-col > .aligncenter{width:100%;}.kadence-column1418_1fa393-a9 > .kt-inside-inner-col:before{opacity:0.3;}.kadence-column1418_1fa393-a9{position:relative;}@media all and (max-width: 1024px){.kadence-column1418_1fa393-a9 > .kt-inside-inner-col{flex-direction:column;justify-content:center;}}@media all and (max-width: 767px){.kadence-column1418_1fa393-a9 > .kt-inside-inner-col{flex-direction:column;justify-content:center;}}<\/style>\n<div class=\"wp-block-kadence-column kadence-column1418_1fa393-a9\"><div class=\"kt-inside-inner-col\"><div class=\"wp-block-image\">\n<figure class=\"aligncenter size-full\"><img loading=\"lazy\" decoding=\"async\" width=\"300\" height=\"120\" src=\"http:\/\/albarrio.com\/wp-content\/uploads\/2024\/05\/Albarrio_GIF_300x120_ESP_participante.gif\" alt=\"\" class=\"wp-image-1400\"\/><\/figure>\n<\/div>\n\n\n<p>Escriu el teu correu i rebr\u00e0s l&#8217;enlla\u00e7 per a la desc\u00e0rrega dels materials de la campanya.<\/p>\n\n\n<div class=\"wpforms-container wpforms-container-full wpforms-block wpforms-block-c402070c-2340-4204-ba9d-edead92182f8 wpforms-render-modern\" id=\"wpforms-1473\"><form id=\"wpforms-form-1473\" class=\"wpforms-validate wpforms-form wpforms-ajax-form\" data-formid=\"1473\" method=\"post\" enctype=\"multipart\/form-data\" action=\"\/ca\/wp-json\/wp\/v2\/pages\/1418\" data-token=\"0af673bf430eb0ade7aa3d5d878e8ce8\" data-token-time=\"1777708760\"><noscript class=\"wpforms-error-noscript\">Activeu el JavaScript al navegador per a poder completar el formulari.<\/noscript><div id=\"wpforms-error-noscript\" style=\"display: none;\">Activeu el JavaScript al navegador per a poder completar el formulari.<\/div><div class=\"wpforms-field-container\"><div id=\"wpforms-1473-field_5-container\" class=\"wpforms-field wpforms-field-text\" data-field-id=\"5\"><label class=\"wpforms-field-label\" for=\"wpforms-1473-field_5\">Nom <span class=\"wpforms-required-label\" aria-hidden=\"true\">*<\/span><\/label><input type=\"text\" id=\"wpforms-1473-field_5\" class=\"wpforms-field-medium wpforms-field-required\" name=\"wpforms[fields][5]\" aria-errormessage=\"wpforms-1473-field_5-error\" required><\/div><div id=\"wpforms-1473-field_2-container\" class=\"wpforms-field wpforms-field-email\" data-field-id=\"2\"><label class=\"wpforms-field-label\" for=\"wpforms-1473-field_2\">Email <span class=\"wpforms-required-label\" aria-hidden=\"true\">*<\/span><\/label><input type=\"email\" id=\"wpforms-1473-field_2\" class=\"wpforms-field-medium wpforms-field-required\" name=\"wpforms[fields][2]\" spellcheck=\"false\" aria-errormessage=\"wpforms-1473-field_2-error\" required><\/div><\/div><!-- .wpforms-field-container --><div class=\"wpforms-submit-container\" ><input type=\"hidden\" name=\"wpforms[id]\" value=\"1473\"><input type=\"hidden\" name=\"page_title\" value=\"\"><input type=\"hidden\" name=\"page_url\" value=\"https:\/\/albarrio.com\/ca\/wp-json\/wp\/v2\/pages\/1418\"><input type=\"hidden\" name=\"url_referer\" value=\"\"><button type=\"submit\" name=\"wpforms[submit]\" id=\"wpforms-submit-1473\" class=\"wpforms-submit\" data-alt-text=\"Enviant...\" data-submit-text=\"Sol\u00b7licitar material\" aria-live=\"assertive\" value=\"wpforms-submit\">Sol\u00b7licitar material<\/button><img loading=\"lazy\" decoding=\"async\" src=\"https:\/\/albarrio.com\/wp-content\/plugins\/wpforms-lite\/assets\/images\/submit-spin.svg\" class=\"wpforms-submit-spinner\" style=\"display: none;\" width=\"26\" height=\"26\" alt=\"S&#039;est\u00e0 carregant\"><\/div><\/form><\/div>  <!-- .wpforms-container --><\/div><\/div>\n\n<\/div><\/div>","protected":false},"excerpt":{"rendered":"<p>Tots els material de la campanya de comunicaci\u00f3 amb un clic. Escriu el teu correu i rebr\u00e0s l&#8217;enlla\u00e7 per a la desc\u00e0rrega dels materials de la campanya.<\/p>\n","protected":false},"author":1,"featured_media":0,"parent":0,"menu_order":0,"comment_status":"closed","ping_status":"closed","template":"","meta":{"_kad_post_transparent":"","_kad_post_title":"","_kad_post_layout":"","_kad_post_sidebar_id":"","_kad_post_content_style":"","_kad_post_vertical_padding":"top","_kad_post_feature":"","_kad_post_feature_position":"","_kad_post_header":false,"_kad_post_footer":false,"_kad_post_classname":"","footnotes":""},"class_list":["post-1418","page","type-page","status-publish","hentry"],"yoast_head":"<!-- This site is optimized with the Yoast SEO plugin v27.5 - https:\/\/yoast.com\/product\/yoast-seo-wordpress\/ -->\n<title>Desc\u00e0rregues | Albarrio<\/title>\n<meta name=\"description\" content=\"Tots els material de la campanya de comunicaci\u00f3 amb un clic. Escriu el teu correu i rebr\u00e0s l&#039;enlla\u00e7 per a la desc\u00e0rrega dels materials de la\" \/>\n<meta name=\"robots\" content=\"index, follow, max-snippet:-1, max-image-preview:large, max-video-preview:-1\" \/>\n<link rel=\"canonical\" href=\"https:\/\/albarrio.com\/ca\/descarregues\/\" \/>\n<meta property=\"og:locale\" content=\"ca_ES\" \/>\n<meta property=\"og:type\" content=\"article\" \/>\n<meta property=\"og:title\" content=\"Desc\u00e0rregues | Albarrio\" \/>\n<meta property=\"og:description\" content=\"Tots els material de la campanya de comunicaci\u00f3 amb un clic. Escriu el teu correu i rebr\u00e0s l&#039;enlla\u00e7 per a la desc\u00e0rrega dels materials de la\" \/>\n<meta property=\"og:url\" content=\"https:\/\/albarrio.com\/ca\/descarregues\/\" \/>\n<meta property=\"og:site_name\" content=\"Albarrio\" \/>\n<meta property=\"article:modified_time\" content=\"2024-05-07T14:37:11+00:00\" \/>\n<meta property=\"og:image\" content=\"http:\/\/albarrio.com\/wp-content\/uploads\/2024\/05\/Albarrio_GIF_300x120_ESP_participante.gif\" \/>\n<meta name=\"twitter:card\" content=\"summary_large_image\" \/>\n<script type=\"application\/ld+json\" class=\"yoast-schema-graph\">{\"@context\":\"https:\\\/\\\/schema.org\",\"@graph\":[{\"@type\":\"WebPage\",\"@id\":\"https:\\\/\\\/albarrio.com\\\/ca\\\/descarregues\\\/\",\"url\":\"https:\\\/\\\/albarrio.com\\\/ca\\\/descarregues\\\/\",\"name\":\"Desc\u00e0rregues | Albarrio\",\"isPartOf\":{\"@id\":\"https:\\\/\\\/albarrio.com\\\/ca\\\/#website\"},\"primaryImageOfPage\":{\"@id\":\"https:\\\/\\\/albarrio.com\\\/ca\\\/descarregues\\\/#primaryimage\"},\"image\":{\"@id\":\"https:\\\/\\\/albarrio.com\\\/ca\\\/descarregues\\\/#primaryimage\"},\"thumbnailUrl\":\"http:\\\/\\\/albarrio.com\\\/wp-content\\\/uploads\\\/2024\\\/05\\\/Albarrio_GIF_300x120_ESP_participante.gif\",\"datePublished\":\"2024-05-07T07:56:38+00:00\",\"dateModified\":\"2024-05-07T14:37:11+00:00\",\"description\":\"Tots els material de la campanya de comunicaci\u00f3 amb un clic. Escriu el teu correu i rebr\u00e0s l'enlla\u00e7 per a la desc\u00e0rrega dels materials de la\",\"breadcrumb\":{\"@id\":\"https:\\\/\\\/albarrio.com\\\/ca\\\/descarregues\\\/#breadcrumb\"},\"inLanguage\":\"ca\",\"potentialAction\":[{\"@type\":\"ReadAction\",\"target\":[\"https:\\\/\\\/albarrio.com\\\/ca\\\/descarregues\\\/\"]}]},{\"@type\":\"ImageObject\",\"inLanguage\":\"ca\",\"@id\":\"https:\\\/\\\/albarrio.com\\\/ca\\\/descarregues\\\/#primaryimage\",\"url\":\"http:\\\/\\\/albarrio.com\\\/wp-content\\\/uploads\\\/2024\\\/05\\\/Albarrio_GIF_300x120_ESP_participante.gif\",\"contentUrl\":\"http:\\\/\\\/albarrio.com\\\/wp-content\\\/uploads\\\/2024\\\/05\\\/Albarrio_GIF_300x120_ESP_participante.gif\"},{\"@type\":\"BreadcrumbList\",\"@id\":\"https:\\\/\\\/albarrio.com\\\/ca\\\/descarregues\\\/#breadcrumb\",\"itemListElement\":[{\"@type\":\"ListItem\",\"position\":1,\"name\":\"Portada\",\"item\":\"https:\\\/\\\/albarrio.com\\\/ca\\\/\"},{\"@type\":\"ListItem\",\"position\":2,\"name\":\"Desc\u00e0rregues\"}]},{\"@type\":\"WebSite\",\"@id\":\"https:\\\/\\\/albarrio.com\\\/ca\\\/#website\",\"url\":\"https:\\\/\\\/albarrio.com\\\/ca\\\/\",\"name\":\"Albarrio\",\"description\":\"Referentes de alimentaci\u00f3n en el barrio\",\"publisher\":{\"@id\":\"https:\\\/\\\/albarrio.com\\\/ca\\\/#organization\"},\"potentialAction\":[{\"@type\":\"SearchAction\",\"target\":{\"@type\":\"EntryPoint\",\"urlTemplate\":\"https:\\\/\\\/albarrio.com\\\/ca\\\/?s={search_term_string}\"},\"query-input\":{\"@type\":\"PropertyValueSpecification\",\"valueRequired\":true,\"valueName\":\"search_term_string\"}}],\"inLanguage\":\"ca\"},{\"@type\":\"Organization\",\"@id\":\"https:\\\/\\\/albarrio.com\\\/ca\\\/#organization\",\"name\":\"Albarrio\",\"url\":\"https:\\\/\\\/albarrio.com\\\/ca\\\/\",\"logo\":{\"@type\":\"ImageObject\",\"inLanguage\":\"ca\",\"@id\":\"https:\\\/\\\/albarrio.com\\\/ca\\\/#\\\/schema\\\/logo\\\/image\\\/\",\"url\":\"https:\\\/\\\/albarrio.com\\\/wp-content\\\/uploads\\\/2024\\\/02\\\/cropped-Albarrio-logo-verde.png\",\"contentUrl\":\"https:\\\/\\\/albarrio.com\\\/wp-content\\\/uploads\\\/2024\\\/02\\\/cropped-Albarrio-logo-verde.png\",\"width\":2237,\"height\":718,\"caption\":\"Albarrio\"},\"image\":{\"@id\":\"https:\\\/\\\/albarrio.com\\\/ca\\\/#\\\/schema\\\/logo\\\/image\\\/\"}}]}<\/script>\n<!-- \/ Yoast SEO plugin. -->","yoast_head_json":{"title":"Desc\u00e0rregues | Albarrio","description":"Tots els material de la campanya de comunicaci\u00f3 amb un clic. Escriu el teu correu i rebr\u00e0s l'enlla\u00e7 per a la desc\u00e0rrega dels materials de la","robots":{"index":"index","follow":"follow","max-snippet":"max-snippet:-1","max-image-preview":"max-image-preview:large","max-video-preview":"max-video-preview:-1"},"canonical":"https:\/\/albarrio.com\/ca\/descarregues\/","og_locale":"ca_ES","og_type":"article","og_title":"Desc\u00e0rregues | Albarrio","og_description":"Tots els material de la campanya de comunicaci\u00f3 amb un clic. Escriu el teu correu i rebr\u00e0s l'enlla\u00e7 per a la desc\u00e0rrega dels materials de la","og_url":"https:\/\/albarrio.com\/ca\/descarregues\/","og_site_name":"Albarrio","article_modified_time":"2024-05-07T14:37:11+00:00","og_image":[{"url":"http:\/\/albarrio.com\/wp-content\/uploads\/2024\/05\/Albarrio_GIF_300x120_ESP_participante.gif","type":"","width":"","height":""}],"twitter_card":"summary_large_image","schema":{"@context":"https:\/\/schema.org","@graph":[{"@type":"WebPage","@id":"https:\/\/albarrio.com\/ca\/descarregues\/","url":"https:\/\/albarrio.com\/ca\/descarregues\/","name":"Desc\u00e0rregues | Albarrio","isPartOf":{"@id":"https:\/\/albarrio.com\/ca\/#website"},"primaryImageOfPage":{"@id":"https:\/\/albarrio.com\/ca\/descarregues\/#primaryimage"},"image":{"@id":"https:\/\/albarrio.com\/ca\/descarregues\/#primaryimage"},"thumbnailUrl":"http:\/\/albarrio.com\/wp-content\/uploads\/2024\/05\/Albarrio_GIF_300x120_ESP_participante.gif","datePublished":"2024-05-07T07:56:38+00:00","dateModified":"2024-05-07T14:37:11+00:00","description":"Tots els material de la campanya de comunicaci\u00f3 amb un clic. Escriu el teu correu i rebr\u00e0s l'enlla\u00e7 per a la desc\u00e0rrega dels materials de la","breadcrumb":{"@id":"https:\/\/albarrio.com\/ca\/descarregues\/#breadcrumb"},"inLanguage":"ca","potentialAction":[{"@type":"ReadAction","target":["https:\/\/albarrio.com\/ca\/descarregues\/"]}]},{"@type":"ImageObject","inLanguage":"ca","@id":"https:\/\/albarrio.com\/ca\/descarregues\/#primaryimage","url":"http:\/\/albarrio.com\/wp-content\/uploads\/2024\/05\/Albarrio_GIF_300x120_ESP_participante.gif","contentUrl":"http:\/\/albarrio.com\/wp-content\/uploads\/2024\/05\/Albarrio_GIF_300x120_ESP_participante.gif"},{"@type":"BreadcrumbList","@id":"https:\/\/albarrio.com\/ca\/descarregues\/#breadcrumb","itemListElement":[{"@type":"ListItem","position":1,"name":"Portada","item":"https:\/\/albarrio.com\/ca\/"},{"@type":"ListItem","position":2,"name":"Desc\u00e0rregues"}]},{"@type":"WebSite","@id":"https:\/\/albarrio.com\/ca\/#website","url":"https:\/\/albarrio.com\/ca\/","name":"Albarrio","description":"Referentes de alimentaci\u00f3n en el barrio","publisher":{"@id":"https:\/\/albarrio.com\/ca\/#organization"},"potentialAction":[{"@type":"SearchAction","target":{"@type":"EntryPoint","urlTemplate":"https:\/\/albarrio.com\/ca\/?s={search_term_string}"},"query-input":{"@type":"PropertyValueSpecification","valueRequired":true,"valueName":"search_term_string"}}],"inLanguage":"ca"},{"@type":"Organization","@id":"https:\/\/albarrio.com\/ca\/#organization","name":"Albarrio","url":"https:\/\/albarrio.com\/ca\/","logo":{"@type":"ImageObject","inLanguage":"ca","@id":"https:\/\/albarrio.com\/ca\/#\/schema\/logo\/image\/","url":"https:\/\/albarrio.com\/wp-content\/uploads\/2024\/02\/cropped-Albarrio-logo-verde.png","contentUrl":"https:\/\/albarrio.com\/wp-content\/uploads\/2024\/02\/cropped-Albarrio-logo-verde.png","width":2237,"height":718,"caption":"Albarrio"},"image":{"@id":"https:\/\/albarrio.com\/ca\/#\/schema\/logo\/image\/"}}]}},"_links":{"self":[{"href":"https:\/\/albarrio.com\/ca\/wp-json\/wp\/v2\/pages\/1418","targetHints":{"allow":["GET"]}}],"collection":[{"href":"https:\/\/albarrio.com\/ca\/wp-json\/wp\/v2\/pages"}],"about":[{"href":"https:\/\/albarrio.com\/ca\/wp-json\/wp\/v2\/types\/page"}],"author":[{"embeddable":true,"href":"https:\/\/albarrio.com\/ca\/wp-json\/wp\/v2\/users\/1"}],"replies":[{"embeddable":true,"href":"https:\/\/albarrio.com\/ca\/wp-json\/wp\/v2\/comments?post=1418"}],"version-history":[{"count":0,"href":"https:\/\/albarrio.com\/ca\/wp-json\/wp\/v2\/pages\/1418\/revisions"}],"wp:attachment":[{"href":"https:\/\/albarrio.com\/ca\/wp-json\/wp\/v2\/media?parent=1418"}],"curies":[{"name":"wp","href":"https:\/\/api.w.org\/{rel}","templated":true}]}}